{"id":4966,"date":"2024-08-06T08:51:10","date_gmt":"2024-08-06T08:51:10","guid":{"rendered":"https:\/\/goldmanstark.com\/?page_id=4966"},"modified":"2025-04-22T15:46:12","modified_gmt":"2025-04-22T15:46:12","slug":"politica-de-privacidad","status":"publish","type":"page","link":"https:\/\/goldmanstark.com\/es\/politica-de-privacidad\/","title":{"rendered":"Politica de privacidad"},"content":{"rendered":"\n<p>En Goldman Stark S.L. tratamos la informaci\u00f3n que nos facilita con el fin de prestarle el servicio solicitado y realizar su facturaci\u00f3n. Los datos proporcionados se conservar\u00e1n mientras se mantenga la relaci\u00f3n comercial o durante el tiempo necesario para cumplir con las obligaciones legales y hacer frente a las posibles responsabilidades que pudieran derivarse del cumplimiento de la finalidad para la que fueron recabados. Los datos no ser\u00e1n cedidos a terceros salvo en los casos en que exista obligaci\u00f3n legal. Usted tiene derecho a obtener la informaci\u00f3n sobre si en Goldman Stark S.L. estamos tratando sus datos personales, pudiendo ejercitar los derechos de acceso, rectificaci\u00f3n, supresi\u00f3n, portabilidad de los datos, oposici\u00f3n y limitaci\u00f3n de su tratamiento por correo postal dirigido a: Goldman Stark S.L., Calle Escudellers, 10 bis, Barcelona 08003 o a la direcci\u00f3n de correo electr\u00f3nico datos@goldmanstark.com, adjuntando siempre copia de su DNI o documento equivalente.<\/p>\n\n\n\n<p>Adicionalmente, y especialmente si considera que no ha obtenido plena satisfacci\u00f3n en el ejercicio de sus derechos, podr\u00e1 presentar una reclamaci\u00f3n ante la autoridad nacional de control dirigi\u00e9ndose a la Agencia Espa\u00f1ola de Protecci\u00f3n de Datos, C\/ Jorge Juan, 6 &#8211; 28001 Madrid.<\/p>\n\n\n\n<p>Medidas de Seguridad<\/p>\n\n\n\n<p>En Goldman Stark le informamos que tenemos implantadas las medidas de seguridad de \u00edndole t\u00e9cnica y organizativas necesarias que garanticen la seguridad de todos sus datos de car\u00e1cter personal y eviten as\u00ed su alteraci\u00f3n, p\u00e9rdida, tratamiento y\/o acceso no autorizado, habida cuenta del estado de la tecnolog\u00eda, la naturaleza de los datos almacenados y los riesgos a que est\u00e1n expuestos, ya provengan de la acci\u00f3n humana o del medio f\u00edsico o natural. Todo ello de conformidad con lo dispuesto en el art\u00edculo 9 de la LOPD y en el Real Decreto 1720\/2007, de 21 de diciembre, por el que se aprueba el Reglamento de desarrollo de la Ley Org\u00e1nica 15\/1999, de 13 de diciembre, de protecci\u00f3n de datos de car\u00e1cter personal y actualizado con el Reglamento (UE) 2016\/679 del Parlamento Europeo y del Consejo, de 27 de abril de 2016, relativo a la protecci\u00f3n de las personas f\u00edsicas en lo que respecta al tratamiento de datos personales y a la libre circulaci\u00f3n de estos datos.<\/p>\n\n\n\n<p>As\u00ed, en nuestra tienda online, hemos establecido medidas adicionales en orden a reforzar la confidencialidad e integridad de la informaci\u00f3n en la organizaci\u00f3n. No obstante, como usuario, debes ser consciente de que las medidas de seguridad en Internet no son inexpugnables.<\/p>\n\n\n\n<p>En Goldman Stark supervisamos, controlamos y evaluamos continuamente los procesos para garantizar el respeto a la privacidad de los datos.<\/p>\n\n\n\n<p>Uso y Tratamiento de Datos de Car\u00e1cter Personal<\/p>\n\n\n\n<p>En cumplimiento de lo dispuesto en la Ley Org\u00e1nica 15\/1999, de 13 de diciembre, de Protecci\u00f3n de Datos de Car\u00e1cter Personal (en adelante LOPD), desde Goldman Stark S.L. (en adelante Goldman Stark) le informamos que los datos personales facilitados a trav\u00e9s del sitio web, as\u00ed como los que pudiera facilitar en el futuro en el marco de su relaci\u00f3n jur\u00eddica con nuestra entidad, ser\u00e1n incorporados a los ficheros automatizados y no automatizados titularidad de Goldman Stark.<\/p>\n\n\n\n<p>Dichos ficheros tienen como finalidad gestionar, administrar, prestarle los servicios o facilitarle los productos que nos solicite, contribuir al cumplimiento y ejecuci\u00f3n de los contratos que podamos celebrar, conocer mejor sus gustos y adecuar los servicios a sus preferencias, as\u00ed como ofrecerle nuevos servicios o productos y remitirle informaci\u00f3n administrativa, t\u00e9cnica, organizativa y\/o comercial de forma documental y\/o electr\u00f3nica relacionada con las actividades de Goldman Stark a trav\u00e9s de correo postal o de nuestra newsletter. Debe saber que los destinatarios de la informaci\u00f3n recogida ser\u00e1n exclusivamente los empleados de Goldman Stark.<\/p>\n\n\n\n<p>Salvo en los campos en que expresamente se indique lo contrario mediante un asterisco (*), las respuestas a las preguntas sobre datos personales son voluntarias, sin que la falta de contestaci\u00f3n a dichas preguntas implique una merma en la calidad de los servicios que Usted pueda solicitar. No obstante, la falta de cumplimentaci\u00f3n de los campos determinados como obligatorios o el suministro de datos incorrectos imposibilitar\u00e1 que Goldman Stark pueda prestarle los servicios o facilitarle los productos que solicite.<\/p>\n\n\n\n<p>Uso de Cookies<\/p>\n\n\n\n<p>Como ya sabr\u00e1, las cookies son una herramienta empleada por los servidores web para almacenar y recuperar informaci\u00f3n acerca de sus usuarios.<\/p>\n\n\n\n<p>Las cookies son mensajes enviados por el servidor al ordenador del usuario, consistentes en ficheros de texto que se almacenan en la memoria del ordenador y recogen informaci\u00f3n sobre las p\u00e1ginas visitadas, el tiempo de conexi\u00f3n a Internet, etc. Las cookies se devuelven al servidor cada vez que el usuario entra en esa p\u00e1gina.<\/p>\n\n\n\n<p>La finalidad de las cookies de Goldman Stark es personalizar los servicios que le ofrecemos, facilit\u00e1ndole informaci\u00f3n que pueda ser de su inter\u00e9s. Si no desea que se instale en su disco duro una cookie, puede configurar el navegador de su ordenador para no recibirlas. Sin embargo, tenga en cuenta que, en ese caso, la calidad del funcionamiento del sitio web puede disminuir.<\/p>\n\n\n\n<p>Las cookies se asocian \u00fanicamente con un usuario an\u00f3nimo y su ordenador, y no proporcionan por s\u00ed mismas los datos personales del cliente, ni pueden leer datos de su disco duro o leer los archivos cookie creados por otros proveedores.<\/p>\n\n\n\n<p>Los logs son unos archivos almacenados en el servidor de Goldman Stark que registran datos sobre su navegaci\u00f3n y nos permiten seguirle prestando los servicios que solicita. Asimismo, nos ayudan a analizar el funcionamiento del sistema, localizar incidencias y problemas que puedan surgir y solventarlos en el menor plazo posible.<\/p>\n\n\n\n<p>Consulta toda la informaci\u00f3n sobre nuestra Pol\u00edtica de Cookies m\u00e1s abajo.<\/p>\n\n\n\n<p>Menores de edad<\/p>\n\n\n\n<p>En Goldman Stark no aceptamos menores de edad en nuestra web, ni como clientes de ninguno de nuestros productos. Por lo tanto, ning\u00fan menor ser\u00e1 objeto de la LOPD ni de ninguna de las actividades de la empresa.<\/p>\n\n\n\n<p>Debe quedar claro que Goldman Stark no se hace responsable de los datos de menores facilitados sin conocimiento de Goldman Stark y sin consentimiento paterno o del tutor o actuando de mala fe en contra de esta pol\u00edtica de empresa.<\/p>\n\n\n\n<p>Modificaci\u00f3n de la Pol\u00edtica de Privacidad<\/p>\n\n\n\n<p>Nos reservamos el derecho a modificar nuestra Pol\u00edtica de Privacidad de acuerdo a nuestro propio criterio o motivado por un cambio doctrinal de la Agencia Espa\u00f1ola de Protecci\u00f3n de Datos, legislativo o jurisprudencial. Publicaremos cualquier modificaci\u00f3n de la Pol\u00edtica de Privacidad con al menos diez d\u00edas de antelaci\u00f3n a su efectiva aplicaci\u00f3n. El uso del sitio web despu\u00e9s de estos cambios implica la aceptaci\u00f3n de los mismos.<\/p>\n","protected":false},"excerpt":{"rendered":"<p>En Goldman Stark S.L. tratamos la informaci\u00f3n que nos facilita con el fin de prestarle el servicio solicitado y realizar su facturaci\u00f3n. Los datos proporcionados se conservar\u00e1n mientras se mantenga la relaci\u00f3n comercial o durante el tiempo necesario para cumplir con las obligaciones legales y hacer frente a las posibles responsabilidades que pudieran derivarse del [&hellip;]<\/p>\n","protected":false},"author":2,"featured_media":0,"parent":0,"menu_order":0,"comment_status":"closed","ping_status":"closed","template":"","meta":{"footnotes":""},"class_list":["post-4966","page","type-page","status-publish","hentry"],"_links":{"self":[{"href":"https:\/\/goldmanstark.com\/es\/wp-json\/wp\/v2\/pages\/4966","targetHints":{"allow":["GET"]}}],"collection":[{"href":"https:\/\/goldmanstark.com\/es\/wp-json\/wp\/v2\/pages"}],"about":[{"href":"https:\/\/goldmanstark.com\/es\/wp-json\/wp\/v2\/types\/page"}],"author":[{"embeddable":true,"href":"https:\/\/goldmanstark.com\/es\/wp-json\/wp\/v2\/users\/2"}],"replies":[{"embeddable":true,"href":"https:\/\/goldmanstark.com\/es\/wp-json\/wp\/v2\/comments?post=4966"}],"version-history":[{"count":2,"href":"https:\/\/goldmanstark.com\/es\/wp-json\/wp\/v2\/pages\/4966\/revisions"}],"predecessor-version":[{"id":4970,"href":"https:\/\/goldmanstark.com\/es\/wp-json\/wp\/v2\/pages\/4966\/revisions\/4970"}],"wp:attachment":[{"href":"https:\/\/goldmanstark.com\/es\/wp-json\/wp\/v2\/media?parent=4966"}],"curies":[{"name":"wp","href":"https:\/\/api.w.org\/{rel}","templated":true}]}}