{"id":4688,"date":"2016-10-03T18:17:42","date_gmt":"2016-10-03T18:17:42","guid":{"rendered":"https:\/\/goldmanstark.com\/contacto\/"},"modified":"2024-08-14T11:42:54","modified_gmt":"2024-08-14T11:42:54","slug":"contacto","status":"publish","type":"page","link":"https:\/\/goldmanstark.com\/es\/contacto\/","title":{"rendered":"Contacto"},"content":{"rendered":"\t\t<div data-elementor-type=\"wp-post\" data-elementor-id=\"4688\" class=\"elementor elementor-4688 elementor-2111\" data-elementor-post-type=\"page\">\n\t\t\t\t\t\t<section class=\"elementor-section elementor-top-section elementor-element elementor-element-89f74f9 elementor-section-height-min-height elementor-section-boxed elementor-section-height-default elementor-section-items-middle\" data-id=\"89f74f9\" data-element_type=\"section\" data-e-type=\"section\" data-settings=\"{&quot;background_background&quot;:&quot;classic&quot;,&quot;animation&quot;:&quot;none&quot;}\">\n\t\t\t\t\t\t\t<div class=\"elementor-background-overlay\"><\/div>\n\t\t\t\t\t\t\t<div class=\"elementor-container elementor-column-gap-default\">\n\t\t\t\t\t<div class=\"elementor-column elementor-col-100 elementor-top-column elementor-element elementor-element-04302bc\" data-id=\"04302bc\" data-element_type=\"column\" data-e-type=\"column\">\n\t\t\t<div class=\"elementor-widget-wrap elementor-element-populated\">\n\t\t\t\t\t\t<div class=\"elementor-element elementor-element-21a0125 elementor-widget elementor-widget-heading\" data-id=\"21a0125\" data-element_type=\"widget\" data-e-type=\"widget\" data-widget_type=\"heading.default\">\n\t\t\t\t<div class=\"elementor-widget-container\">\n\t\t\t\t\t<h2 class=\"elementor-heading-title elementor-size-large\">Contacto<\/h2>\t\t\t\t<\/div>\n\t\t\t\t<\/div>\n\t\t\t\t\t<\/div>\n\t\t<\/div>\n\t\t\t\t\t<\/div>\n\t\t<\/section>\n\t\t\t\t<section class=\"elementor-section elementor-top-section elementor-element elementor-element-fa2bac5 elementor-section-boxed elementor-section-height-default elementor-section-height-default elementor-invisible\" data-id=\"fa2bac5\" data-element_type=\"section\" data-e-type=\"section\" data-settings=\"{&quot;animation&quot;:&quot;fadeIn&quot;,&quot;background_background&quot;:&quot;classic&quot;}\">\n\t\t\t\t\t\t<div class=\"elementor-container elementor-column-gap-no\">\n\t\t\t\t\t<div class=\"elementor-column elementor-col-100 elementor-top-column elementor-element elementor-element-3fbb1da\" data-id=\"3fbb1da\" data-element_type=\"column\" data-e-type=\"column\">\n\t\t\t<div class=\"elementor-widget-wrap elementor-element-populated\">\n\t\t\t\t\t\t<section class=\"elementor-section elementor-inner-section elementor-element elementor-element-e9033c5 elementor-section-full_width elementor-section-height-default elementor-section-height-default\" data-id=\"e9033c5\" data-element_type=\"section\" data-e-type=\"section\">\n\t\t\t\t\t\t<div class=\"elementor-container elementor-column-gap-default\">\n\t\t\t\t\t<div class=\"elementor-column elementor-col-33 elementor-inner-column elementor-element elementor-element-f5d59c4\" data-id=\"f5d59c4\" data-element_type=\"column\" data-e-type=\"column\">\n\t\t\t<div class=\"elementor-widget-wrap elementor-element-populated\">\n\t\t\t\t\t\t<div class=\"elementor-element elementor-element-18d2760 elementor-widget elementor-widget-houzez_elementor_space\" data-id=\"18d2760\" data-element_type=\"widget\" data-e-type=\"widget\" data-widget_type=\"houzez_elementor_space.default\">\n\t\t\t\t<div class=\"elementor-widget-container\">\n\t\t\t\t\t        <div class=\"houzez-spacer\">\n            <div class=\"houzez-spacer-inner\"><\/div>\n        <\/div>\n        \t\t\t\t<\/div>\n\t\t\t\t<\/div>\n\t\t\t\t<div class=\"elementor-element elementor-element-1d1342d elementor-widget elementor-widget-text-editor\" data-id=\"1d1342d\" data-element_type=\"widget\" data-e-type=\"widget\" data-widget_type=\"text-editor.default\">\n\t\t\t\t<div class=\"elementor-widget-container\">\n\t\t\t\t\t\t\t\t\t<p>Nuestra empresa es uno de los principales proveedores de villas de dise\u00f1o exquisito y moderno en ubicaciones \u00fanicas. Nos especializamos en encontrar y conseguir villas de vivienda moderna que no s\u00f3lo sean est\u00e9ticamente agradables, sino tambi\u00e9n ricas en lujo y comodidad.<\/p>\n\t\t\t\t\t\t\t\t<\/div>\n\t\t\t\t<\/div>\n\t\t\t\t<div class=\"elementor-element elementor-element-40f75eb elementor-icon-list--layout-traditional elementor-list-item-link-full_width elementor-widget elementor-widget-icon-list\" data-id=\"40f75eb\" data-element_type=\"widget\" data-e-type=\"widget\" data-widget_type=\"icon-list.default\">\n\t\t\t\t<div class=\"elementor-widget-container\">\n\t\t\t\t\t\t\t<ul class=\"elementor-icon-list-items\">\n\t\t\t\t\t\t\t<li class=\"elementor-icon-list-item\">\n\t\t\t\t\t\t\t\t\t\t\t<span class=\"elementor-icon-list-icon\">\n\t\t\t\t\t\t\t<svg xmlns=\"http:\/\/www.w3.org\/2000\/svg\" viewBox=\"0 0 16 16\"><g transform=\"matrix(0.6666666666666666,0,0,0.6666666666666666,0,0)\"><path d=\"M0.750 12.000 A11.250 11.250 0 1 0 23.250 12.000 A11.250 11.250 0 1 0 0.750 12.000 Z\" fill=\"none\" stroke=\"#153965\" stroke-linecap=\"round\" stroke-linejoin=\"round\" stroke-width=\"1.5\"><\/path><path d=\"M15,18.048A6.751,6.751,0,1,1,18.75,12\" fill=\"none\" stroke=\"#153965\" stroke-linecap=\"round\" stroke-linejoin=\"round\" stroke-width=\"1.5\"><\/path><path d=\"M9.000 12.000 A3.000 3.000 0 1 0 15.000 12.000 A3.000 3.000 0 1 0 9.000 12.000 Z\" fill=\"none\" stroke=\"#153965\" stroke-linecap=\"round\" stroke-linejoin=\"round\" stroke-width=\"1.5\"><\/path><path d=\"M15,12v1.125a1.875,1.875,0,0,0,3.75,0V12\" fill=\"none\" stroke=\"#153965\" stroke-linecap=\"round\" stroke-linejoin=\"round\" stroke-width=\"1.5\"><\/path><\/g><\/svg>\t\t\t\t\t\t<\/span>\n\t\t\t\t\t\t\t\t\t\t<span class=\"elementor-icon-list-text\">masha@goldmanstark.com<\/span>\n\t\t\t\t\t\t\t\t\t<\/li>\n\t\t\t\t\t\t\t\t<li class=\"elementor-icon-list-item\">\n\t\t\t\t\t\t\t\t\t\t\t<span class=\"elementor-icon-list-icon\">\n\t\t\t\t\t\t\t<svg xmlns=\"http:\/\/www.w3.org\/2000\/svg\" viewBox=\"0 0 16 16\"><g transform=\"matrix(0.6666666666666666,0,0,0.6666666666666666,0,0)\"><path d=\"M4.285,2.24l-.011,0A4.5,4.5,0,0,0,.75,6.635v.89a1.5,1.5,0,0,0,1.5,1.5H6a1.5,1.5,0,0,0,1.5-1.5h0A1.5,1.5,0,0,1,9,6.025h6a1.5,1.5,0,0,1,1.5,1.5h0a1.5,1.5,0,0,0,1.5,1.5h3.75a1.5,1.5,0,0,0,1.5-1.5v-.89a4.5,4.5,0,0,0-3.524-4.393l-.011,0A40.593,40.593,0,0,0,4.285,2.24Z\" fill=\"none\" stroke=\"#153965\" stroke-linecap=\"round\" stroke-linejoin=\"round\" stroke-width=\"1.5\"><\/path><path d=\"M3.75,12.025v6a4.5,4.5,0,0,0,4.5,4.5h7.5a4.5,4.5,0,0,0,4.5-4.5v-6\" fill=\"none\" stroke=\"#153965\" stroke-linecap=\"round\" stroke-linejoin=\"round\" stroke-width=\"1.5\"><\/path><path d=\"M7.875 13.525L7.875 13.525\" fill=\"none\" stroke=\"#153965\" stroke-linecap=\"round\" stroke-linejoin=\"round\" stroke-width=\"1.5\"><\/path><path d=\"M7.875,13.525a.375.375,0,1,0,.375.375.375.375,0,0,0-.375-.375\" fill=\"none\" stroke=\"#153965\" stroke-linecap=\"round\" stroke-linejoin=\"round\" stroke-width=\"1.5\"><\/path><path d=\"M12 13.525L12 13.525\" fill=\"none\" stroke=\"#153965\" stroke-linecap=\"round\" stroke-linejoin=\"round\" stroke-width=\"1.5\"><\/path><path d=\"M12,13.525a.375.375,0,1,0,.375.375A.375.375,0,0,0,12,13.525\" fill=\"none\" stroke=\"#153965\" stroke-linecap=\"round\" stroke-linejoin=\"round\" stroke-width=\"1.5\"><\/path><path d=\"M16.125 13.525L16.125 13.525\" fill=\"none\" stroke=\"#153965\" stroke-linecap=\"round\" stroke-linejoin=\"round\" stroke-width=\"1.5\"><\/path><path d=\"M16.125,13.525a.375.375,0,1,0,.375.375.375.375,0,0,0-.375-.375\" fill=\"none\" stroke=\"#153965\" stroke-linecap=\"round\" stroke-linejoin=\"round\" stroke-width=\"1.5\"><\/path><path d=\"M7.875 17.275L7.875 17.275\" fill=\"none\" stroke=\"#153965\" stroke-linecap=\"round\" stroke-linejoin=\"round\" stroke-width=\"1.5\"><\/path><path d=\"M7.875,17.275a.375.375,0,1,0,.375.375.375.375,0,0,0-.375-.375\" fill=\"none\" stroke=\"#153965\" stroke-linecap=\"round\" stroke-linejoin=\"round\" stroke-width=\"1.5\"><\/path><path d=\"M12 17.275L12 17.275\" fill=\"none\" stroke=\"#153965\" stroke-linecap=\"round\" stroke-linejoin=\"round\" stroke-width=\"1.5\"><\/path><path d=\"M12,17.275a.375.375,0,1,0,.375.375A.375.375,0,0,0,12,17.275\" fill=\"none\" stroke=\"#153965\" stroke-linecap=\"round\" stroke-linejoin=\"round\" stroke-width=\"1.5\"><\/path><path d=\"M16.125 17.275L16.125 17.275\" fill=\"none\" stroke=\"#153965\" stroke-linecap=\"round\" stroke-linejoin=\"round\" stroke-width=\"1.5\"><\/path><path d=\"M16.125,17.275a.375.375,0,1,0,.375.375.375.375,0,0,0-.375-.375\" fill=\"none\" stroke=\"#153965\" stroke-linecap=\"round\" stroke-linejoin=\"round\" stroke-width=\"1.5\"><\/path><\/g><\/svg>\t\t\t\t\t\t<\/span>\n\t\t\t\t\t\t\t\t\t\t<span class=\"elementor-icon-list-text\">+34 678 33 99 09<\/span>\n\t\t\t\t\t\t\t\t\t<\/li>\n\t\t\t\t\t\t<\/ul>\n\t\t\t\t\t\t<\/div>\n\t\t\t\t<\/div>\n\t\t\t\t<div class=\"elementor-element elementor-element-1732bc8 elementor-widget elementor-widget-heading\" data-id=\"1732bc8\" data-element_type=\"widget\" data-e-type=\"widget\" data-widget_type=\"heading.default\">\n\t\t\t\t<div class=\"elementor-widget-container\">\n\t\t\t\t\t<h3 class=\"elementor-heading-title elementor-size-large\">Cuando haga su pregunta<\/h3>\t\t\t\t<\/div>\n\t\t\t\t<\/div>\n\t\t\t\t<div class=\"elementor-element elementor-element-f570134 elementor-widget elementor-widget-text-editor\" data-id=\"f570134\" data-element_type=\"widget\" data-e-type=\"widget\" data-widget_type=\"text-editor.default\">\n\t\t\t\t<div class=\"elementor-widget-container\">\n\t\t\t\t\t\t\t\t\t<p>Cuando haga una pregunta, le responderemos en un plazo de 12 horas. Nuestros agentes cualificados le dar\u00e1n una respuesta detallada con un plan de acci\u00f3n.<\/p>\n<ul>\n<li>Si nos env\u00eda una pregunta, le responderemos en un plazo de 12 horas<\/li>\n<li>Agentes cualificados que ofrecen un servicio exhaustivo y experto<\/li>\n<li>Resumen del plan de acci\u00f3n<\/li>\n<\/ul>\n\t\t\t\t\t\t\t\t<\/div>\n\t\t\t\t<\/div>\n\t\t\t\t<div class=\"elementor-element elementor-element-690b587 elementor-button-align-stretch elementor-widget elementor-widget-houzez_elementor_contact_form\" data-id=\"690b587\" data-element_type=\"widget\" data-e-type=\"widget\" data-widget_type=\"houzez_elementor_contact_form.default\">\n\t\t\t\t<div class=\"elementor-widget-container\">\n\t\t\t\t\t\n        <script type=\"application\/javascript\">\n            jQuery(document).bind(\"ready\", function () {\n                houzezValidateElementor(\"#houzez-form-690b587\" );\n            });\n        <\/script>\n\n        <form class=\"elementor-form\" id=\"houzez-form-690b587\" method=\"post\" name=\"Nuevo formulario\" action=\"https:\/\/goldmanstark.com\/wp-admin\/admin-ajax.php\">\n            <input type=\"hidden\" name=\"form_id\" value=\"690b587\"\/>\n            <input type=\"hidden\" name=\"houzez_contact_form\" value=\"yes\"\/>\n            <input type=\"hidden\" name=\"action\" value=\"houzez_ele_contact_form\" \/>\n            <input type=\"hidden\" name=\"source_link\" value=\"https:\/\/goldmanstark.com\/es\/contacto\/\" \/>\n            <input type=\"hidden\" name=\"lead_page_id\" value=\"4688\" \/>\n            <input type=\"hidden\" name=\"email_to\" value=\"hello@favethemes.com\" \/>\n            <input type=\"hidden\" name=\"email_subject\" value=\"New message from &quot;Houzez&quot;\" \/>\n            <input type=\"hidden\" name=\"email_to_cc\" value=\"\" \/>\n            <input type=\"hidden\" name=\"email_to_bcc\" value=\"\" \/>\n            <input type=\"hidden\" name=\"webhook\" value=\"false\" \/>\n            <input type=\"hidden\" name=\"webhook_url\" value=\"\" \/>\n            <input type=\"hidden\" name=\"redirect_to\" value=\"\" \/>\n            <input type=\"hidden\" name=\"google_recaptcha\" value=\"false\" \/>\n            \n\n            <div class=\"elementor-form-fields-wrapper elementor-labels-above\">\n\n                                    <div class=\"elementor-field-group elementor-column form-group elementor-field-group-name elementor-col-50\">\n                    <label for=\"form-field-name\" class=\"elementor-field-label\">Nombre<\/label><input type=\"text\" name=\"first_name\" id=\"form-field-name\" class=\"elementor-field form-control elementor-size-md elementor-field-textual\" placeholder=\"Introduzca su nombre\" title=\"* Nombre\">                    <\/div>\n\n                                        <div class=\"elementor-field-group elementor-column form-group elementor-field-group-3ec3e06 elementor-col-50\">\n                    <label for=\"form-field-3ec3e06\" class=\"elementor-field-label\">Apellidos<\/label><input type=\"text\" name=\"last_name\" id=\"form-field-3ec3e06\" class=\"elementor-field form-control elementor-size-md elementor-field-textual\" placeholder=\"Ingreso su apellido\" title=\"* Apellidos\">                    <\/div>\n\n                                        <div class=\"elementor-field-group elementor-column form-group elementor-field-group-email elementor-col-50 elementor-field-required\">\n                    <label for=\"form-field-email\" class=\"elementor-field-label\">Direcci\u00f3n de correo electr\u00f3nico<\/label><input type=\"email\" name=\"email\" id=\"form-field-email\" class=\"elementor-field form-control elementor-size-md elementor-field-textual\" placeholder=\"Ingreso su direcci\u00f3n de e-mail\" title=\"* Direcci\u00f3n de correo electr\u00f3nico\" required=\"required\">                    <\/div>\n\n                                        <div class=\"elementor-field-group elementor-column form-group elementor-field-group-4774b7d elementor-col-50\">\n                    <label for=\"form-field-4774b7d\" class=\"elementor-field-label\">N\u00famero de tel\u00e9fono<\/label><input type=\"text\" name=\"mobile\" id=\"form-field-4774b7d\" class=\"elementor-field form-control elementor-size-md elementor-field-textual\" placeholder=\"Ingreso su n\u00famero de tel\u00e9fono\" title=\"* N\u00famero de tel\u00e9fono\">                    <\/div>\n\n                                        <div class=\"elementor-field-group elementor-column form-group elementor-field-group-message elementor-col-100\">\n                    <label for=\"form-field-message\" class=\"elementor-field-label\">Mensaje<\/label><textarea class=\"elementor-field-textual elementor-field elementor-size-md\" name=\"message\" id=\"form-field-message\" rows=\"7\" placeholder=\"Mensaje\"><\/textarea>                    <\/div>\n\n                    \n                    \n                    \n                    <div class=\"elementor-field-group elementor-column elementor-field-type-submit elementor-col-100\">\n                    <button type=\"submit\" class=\"houzez-submit-button houzez-contact-form-js elementor-button elementor-size-lg\">\n                        <i class=\"btn-loader houzez-loader-js\"><\/i>\n                                                    Submit                                            <\/button>\n                <\/div>\n            <\/div><!-- End wrapper-->\n            <br\/>\n            <div class=\"ele-form-messages\"><\/div>\n            <div class=\"error-container\"><\/div>\n\n        <\/form>\n\n    \t\t\t\t<\/div>\n\t\t\t\t<\/div>\n\t\t\t\t<div class=\"elementor-element elementor-element-5ea7778 elementor-widget elementor-widget-spacer\" data-id=\"5ea7778\" data-element_type=\"widget\" data-e-type=\"widget\" data-widget_type=\"spacer.default\">\n\t\t\t\t<div class=\"elementor-widget-container\">\n\t\t\t\t\t\t\t<div class=\"elementor-spacer\">\n\t\t\t<div class=\"elementor-spacer-inner\"><\/div>\n\t\t<\/div>\n\t\t\t\t\t\t<\/div>\n\t\t\t\t<\/div>\n\t\t\t\t\t<\/div>\n\t\t<\/div>\n\t\t\t\t<div class=\"elementor-column elementor-col-33 elementor-inner-column elementor-element elementor-element-78984e5\" data-id=\"78984e5\" data-element_type=\"column\" data-e-type=\"column\">\n\t\t\t<div class=\"elementor-widget-wrap\">\n\t\t\t\t\t\t\t<\/div>\n\t\t<\/div>\n\t\t\t\t<div class=\"elementor-column elementor-col-33 elementor-inner-column elementor-element elementor-element-c515cb8\" data-id=\"c515cb8\" data-element_type=\"column\" data-e-type=\"column\">\n\t\t\t<div class=\"elementor-widget-wrap elementor-element-populated\">\n\t\t\t\t\t\t<div class=\"elementor-element elementor-element-f832e58 elementor-widget elementor-widget-houzez_elementor_space\" data-id=\"f832e58\" data-element_type=\"widget\" data-e-type=\"widget\" data-widget_type=\"houzez_elementor_space.default\">\n\t\t\t\t<div class=\"elementor-widget-container\">\n\t\t\t\t\t        <div class=\"houzez-spacer\">\n            <div class=\"houzez-spacer-inner\"><\/div>\n        <\/div>\n        \t\t\t\t<\/div>\n\t\t\t\t<\/div>\n\t\t\t\t<div class=\"elementor-element elementor-element-8fef773 elementor-align-center elementor-icon-list--layout-traditional elementor-list-item-link-full_width elementor-widget elementor-widget-icon-list\" data-id=\"8fef773\" data-element_type=\"widget\" data-e-type=\"widget\" data-widget_type=\"icon-list.default\">\n\t\t\t\t<div class=\"elementor-widget-container\">\n\t\t\t\t\t\t\t<ul class=\"elementor-icon-list-items\">\n\t\t\t\t\t\t\t<li class=\"elementor-icon-list-item\">\n\t\t\t\t\t\t\t\t\t\t<span class=\"elementor-icon-list-text\">Llamenos al <strong>+34 678 33 99 09<\/strong><\/span>\n\t\t\t\t\t\t\t\t\t<\/li>\n\t\t\t\t\t\t<\/ul>\n\t\t\t\t\t\t<\/div>\n\t\t\t\t<\/div>\n\t\t\t\t\t<\/div>\n\t\t<\/div>\n\t\t\t\t\t<\/div>\n\t\t<\/section>\n\t\t\t\t\t<\/div>\n\t\t<\/div>\n\t\t\t\t\t<\/div>\n\t\t<\/section>\n\t\t\t\t<\/div>\n\t\t","protected":false},"excerpt":{"rendered":"<p>Contacto Nuestra empresa es uno de los principales proveedores de villas de dise\u00f1o exquisito y moderno en ubicaciones \u00fanicas. Nos especializamos en encontrar y conseguir villas de vivienda moderna que no s\u00f3lo sean est\u00e9ticamente agradables, sino tambi\u00e9n ricas en lujo y comodidad. masha@goldmanstark.com +34 678 33 99 09 Cuando haga su pregunta Cuando haga una [&hellip;]<\/p>\n","protected":false},"author":1,"featured_media":0,"parent":0,"menu_order":0,"comment_status":"closed","ping_status":"closed","template":"elementor_header_footer","meta":{"footnotes":""},"class_list":["post-4688","page","type-page","status-publish","hentry"],"_links":{"self":[{"href":"https:\/\/goldmanstark.com\/es\/wp-json\/wp\/v2\/pages\/4688","targetHints":{"allow":["GET"]}}],"collection":[{"href":"https:\/\/goldmanstark.com\/es\/wp-json\/wp\/v2\/pages"}],"about":[{"href":"https:\/\/goldmanstark.com\/es\/wp-json\/wp\/v2\/types\/page"}],"author":[{"embeddable":true,"href":"https:\/\/goldmanstark.com\/es\/wp-json\/wp\/v2\/users\/1"}],"replies":[{"embeddable":true,"href":"https:\/\/goldmanstark.com\/es\/wp-json\/wp\/v2\/comments?post=4688"}],"version-history":[{"count":3,"href":"https:\/\/goldmanstark.com\/es\/wp-json\/wp\/v2\/pages\/4688\/revisions"}],"predecessor-version":[{"id":4691,"href":"https:\/\/goldmanstark.com\/es\/wp-json\/wp\/v2\/pages\/4688\/revisions\/4691"}],"wp:attachment":[{"href":"https:\/\/goldmanstark.com\/es\/wp-json\/wp\/v2\/media?parent=4688"}],"curies":[{"name":"wp","href":"https:\/\/api.w.org\/{rel}","templated":true}]}}