{"id":4658,"date":"2024-07-02T09:15:19","date_gmt":"2024-07-02T09:15:19","guid":{"rendered":"https:\/\/goldmanstark.com\/inversion-inmobiliaria-inferior-a-300k\/"},"modified":"2024-08-14T08:26:40","modified_gmt":"2024-08-14T08:26:40","slug":"inversion-inmobiliaria-inferior-a-300k","status":"publish","type":"page","link":"https:\/\/goldmanstark.com\/es\/inversion-inmobiliaria-inferior-a-300k\/","title":{"rendered":"Inversi\u00f3n inmobiliaria inferior a 300k"},"content":{"rendered":"\t\t<div data-elementor-type=\"wp-post\" data-elementor-id=\"4658\" class=\"elementor elementor-4658 elementor-3790\" data-elementor-post-type=\"page\">\n\t\t\t\t\t\t<section class=\"elementor-section elementor-top-section elementor-element elementor-element-ea90d10 elementor-section-height-min-height elementor-section-boxed elementor-section-height-default elementor-section-items-middle\" data-id=\"ea90d10\" data-element_type=\"section\" data-e-type=\"section\" data-settings=\"{&quot;background_background&quot;:&quot;classic&quot;,&quot;animation&quot;:&quot;none&quot;}\">\n\t\t\t\t\t\t\t<div class=\"elementor-background-overlay\"><\/div>\n\t\t\t\t\t\t\t<div class=\"elementor-container elementor-column-gap-no\">\n\t\t\t\t\t<div class=\"elementor-column elementor-col-100 elementor-top-column elementor-element elementor-element-97ff0c3\" data-id=\"97ff0c3\" data-element_type=\"column\" data-e-type=\"column\">\n\t\t\t<div class=\"elementor-widget-wrap elementor-element-populated\">\n\t\t\t\t\t\t<div class=\"elementor-element elementor-element-4fe48bd elementor-widget__width-initial elementor-view-default elementor-position-block-start elementor-mobile-position-block-start elementor-invisible elementor-widget elementor-widget-icon-box\" data-id=\"4fe48bd\" data-element_type=\"widget\" data-e-type=\"widget\" data-settings=\"{&quot;_animation&quot;:&quot;fadeInRight&quot;}\" data-widget_type=\"icon-box.default\">\n\t\t\t\t<div class=\"elementor-widget-container\">\n\t\t\t\t\t\t\t<div class=\"elementor-icon-box-wrapper\">\n\n\t\t\t\t\t\t<div class=\"elementor-icon-box-icon\">\n\t\t\t\t<span  class=\"elementor-icon\">\n\t\t\t\t<svg xmlns=\"http:\/\/www.w3.org\/2000\/svg\" viewBox=\"0 0 64 64\"><g transform=\"matrix(2.6666666666666665,0,0,2.6666666666666665,0,0)\"><g><path d=\"M21.92,17l1.32-10a.75.75,0,0,0-1.08-.78L17.88,9.56a.74.74,0,0,1-1.09-.16L12.56,3.22a.74.74,0,0,0-1.12,0L7.21,9.4a.74.74,0,0,1-1.09.16L1.84,6.3a.75.75,0,0,0-1.08.78L2.08,17Z\" style=\"fill: none;stroke: #D1C292;stroke-linecap: round;stroke-linejoin: round;stroke-width: 1.5px\"><\/path><line x1=\"2.25\" y1=\"21.03\" x2=\"21.75\" y2=\"21.03\" style=\"fill: none;stroke: #D1C292;stroke-linecap: round;stroke-linejoin: round;stroke-width: 1.5px\"><\/line><\/g><\/g><\/svg>\t\t\t\t<\/span>\n\t\t\t<\/div>\n\t\t\t\n\t\t\t\t\t\t<div class=\"elementor-icon-box-content\">\n\n\t\t\t\t\t\t\t\t\t<h1 class=\"elementor-icon-box-title\">\n\t\t\t\t\t\t<span  >\n\t\t\t\t\t\t\tInversi\u00f3n inmobiliaria<br>MENOS DE 300K\t\t\t\t\t\t<\/span>\n\t\t\t\t\t<\/h1>\n\t\t\t\t\n\t\t\t\t\n\t\t\t<\/div>\n\t\t\t\n\t\t<\/div>\n\t\t\t\t\t\t<\/div>\n\t\t\t\t<\/div>\n\t\t\t\t\t<\/div>\n\t\t<\/div>\n\t\t\t\t\t<\/div>\n\t\t<\/section>\n\t\t\t\t<section class=\"elementor-section elementor-top-section elementor-element elementor-element-8c53882 elementor-section-boxed elementor-section-height-default elementor-section-height-default elementor-invisible\" data-id=\"8c53882\" data-element_type=\"section\" data-e-type=\"section\" data-settings=\"{&quot;animation&quot;:&quot;fadeIn&quot;,&quot;background_background&quot;:&quot;classic&quot;}\">\n\t\t\t\t\t\t<div class=\"elementor-container elementor-column-gap-no\">\n\t\t\t\t\t<div class=\"elementor-column elementor-col-100 elementor-top-column elementor-element elementor-element-fbf16a9\" data-id=\"fbf16a9\" data-element_type=\"column\" data-e-type=\"column\">\n\t\t\t<div class=\"elementor-widget-wrap elementor-element-populated\">\n\t\t\t\t\t\t<section class=\"elementor-section elementor-inner-section elementor-element elementor-element-1ccfc0d elementor-section-full_width elementor-section-height-default elementor-section-height-default\" data-id=\"1ccfc0d\" data-element_type=\"section\" data-e-type=\"section\">\n\t\t\t\t\t\t<div class=\"elementor-container elementor-column-gap-default\">\n\t\t\t\t\t<div class=\"elementor-column elementor-col-100 elementor-inner-column elementor-element elementor-element-dc0b7a7\" data-id=\"dc0b7a7\" data-element_type=\"column\" data-e-type=\"column\">\n\t\t\t<div class=\"elementor-widget-wrap elementor-element-populated\">\n\t\t\t\t\t\t<div class=\"elementor-element elementor-element-b5c9b2e elementor-widget elementor-widget-houzez_elementor_space\" data-id=\"b5c9b2e\" data-element_type=\"widget\" data-e-type=\"widget\" data-widget_type=\"houzez_elementor_space.default\">\n\t\t\t\t<div class=\"elementor-widget-container\">\n\t\t\t\t\t        <div class=\"houzez-spacer\">\n            <div class=\"houzez-spacer-inner\"><\/div>\n        <\/div>\n        \t\t\t\t<\/div>\n\t\t\t\t<\/div>\n\t\t\t\t\t<\/div>\n\t\t<\/div>\n\t\t\t\t\t<\/div>\n\t\t<\/section>\n\t\t\t\t\t<\/div>\n\t\t<\/div>\n\t\t\t\t\t<\/div>\n\t\t<\/section>\n\t\t\t\t<section class=\"elementor-section elementor-top-section elementor-element elementor-element-1c06601 elementor-section-boxed elementor-section-height-default elementor-section-height-default elementor-invisible\" data-id=\"1c06601\" data-element_type=\"section\" data-e-type=\"section\" data-settings=\"{&quot;background_background&quot;:&quot;gradient&quot;,&quot;animation&quot;:&quot;fadeIn&quot;}\">\n\t\t\t\t\t\t\t<div class=\"elementor-background-overlay\"><\/div>\n\t\t\t\t\t\t\t<div class=\"elementor-container elementor-column-gap-no\">\n\t\t\t\t\t<div class=\"elementor-column elementor-col-100 elementor-top-column elementor-element elementor-element-f1ed549\" data-id=\"f1ed549\" data-element_type=\"column\" data-e-type=\"column\">\n\t\t\t<div class=\"elementor-widget-wrap elementor-element-populated\">\n\t\t\t\t\t\t<section class=\"elementor-section elementor-inner-section elementor-element elementor-element-b2f474b elementor-section-full_width elementor-section-content-middle elementor-section-height-default elementor-section-height-default\" data-id=\"b2f474b\" data-element_type=\"section\" data-e-type=\"section\">\n\t\t\t\t\t\t<div class=\"elementor-container elementor-column-gap-default\">\n\t\t\t\t\t<div class=\"elementor-column elementor-col-50 elementor-inner-column elementor-element elementor-element-a61c83c\" data-id=\"a61c83c\" data-element_type=\"column\" data-e-type=\"column\">\n\t\t\t<div class=\"elementor-widget-wrap elementor-element-populated\">\n\t\t\t\t\t\t<div class=\"elementor-element elementor-element-dd2d539 elementor-invisible elementor-widget elementor-widget-image\" data-id=\"dd2d539\" data-element_type=\"widget\" data-e-type=\"widget\" data-settings=\"{&quot;_animation&quot;:&quot;fadeInLeft&quot;}\" data-widget_type=\"image.default\">\n\t\t\t\t<div class=\"elementor-widget-container\">\n\t\t\t\t\t\t\t\t\t\t\t\t\t\t\t<img fetchpriority=\"high\" decoding=\"async\" width=\"735\" height=\"920\" src=\"https:\/\/goldmanstark.com\/wp-content\/uploads\/2024\/07\/property-under-300k.jpeg\" class=\"attachment-large size-large wp-image-4391\" alt=\"\" srcset=\"https:\/\/goldmanstark.com\/wp-content\/uploads\/2024\/07\/property-under-300k.jpeg 735w, https:\/\/goldmanstark.com\/wp-content\/uploads\/2024\/07\/property-under-300k-240x300.jpeg 240w, https:\/\/goldmanstark.com\/wp-content\/uploads\/2024\/07\/property-under-300k-479x600.jpeg 479w, https:\/\/goldmanstark.com\/wp-content\/uploads\/2024\/07\/property-under-300k-496x621.jpeg 496w\" sizes=\"(max-width: 735px) 100vw, 735px\" \/>\t\t\t\t\t\t\t\t\t\t\t\t\t\t\t<\/div>\n\t\t\t\t<\/div>\n\t\t\t\t\t<\/div>\n\t\t<\/div>\n\t\t\t\t<div class=\"elementor-column elementor-col-50 elementor-inner-column elementor-element elementor-element-07a616f\" data-id=\"07a616f\" data-element_type=\"column\" data-e-type=\"column\">\n\t\t\t<div class=\"elementor-widget-wrap elementor-element-populated\">\n\t\t\t\t\t\t<div class=\"elementor-element elementor-element-a3f8b4f elementor-widget-divider--view-line elementor-widget elementor-widget-divider\" data-id=\"a3f8b4f\" data-element_type=\"widget\" data-e-type=\"widget\" data-widget_type=\"divider.default\">\n\t\t\t\t<div class=\"elementor-widget-container\">\n\t\t\t\t\t\t\t<div class=\"elementor-divider\">\n\t\t\t<span class=\"elementor-divider-separator\">\n\t\t\t\t\t\t<\/span>\n\t\t<\/div>\n\t\t\t\t\t\t<\/div>\n\t\t\t\t<\/div>\n\t\t\t\t<div class=\"elementor-element elementor-element-8d1d425 elementor-widget elementor-widget-heading\" data-id=\"8d1d425\" data-element_type=\"widget\" data-e-type=\"widget\" data-widget_type=\"heading.default\">\n\t\t\t\t<div class=\"elementor-widget-container\">\n\t\t\t\t\t<h2 class=\"elementor-heading-title elementor-size-large\">Desbloquee inversiones inmobiliarias de alto rendimiento por debajo de 300.000 euros<\/h2>\t\t\t\t<\/div>\n\t\t\t\t<\/div>\n\t\t\t\t<div class=\"elementor-element elementor-element-88a31b4 elementor-widget elementor-widget-text-editor\" data-id=\"88a31b4\" data-element_type=\"widget\" data-e-type=\"widget\" data-widget_type=\"text-editor.default\">\n\t\t\t\t<div class=\"elementor-widget-container\">\n\t\t\t\t\t\t\t\t\t<p>\u00bfEst\u00e1 buscando una lucrativa oportunidad de inversi\u00f3n inmobiliaria? En Goldman Stark Real Estate, sabemos c\u00f3mo identificar y asegurar la compra de los apartamentos por debajo de 300.000 euros. Estas propiedades ofrecen un excelente potencial de revalorizaci\u00f3n y de ingresos por alquiler, lo que las convierte en opciones de inversi\u00f3n inteligentes.   <\/p>\n<p>Nuestra agencia tiene un mont\u00f3n de casos exitosos en los que encontramos y negociamos las compras de apartamentos para nuestros inversores y obtuvimos del 5% al 12% de ROI. <\/p>\n<p>Invertir en el sector inmobiliario no tiene por qu\u00e9 ser complicado. Obtenga apoyo integral y orientaci\u00f3n experta en cada paso del camino. P\u00f3ngase en contacto con nosotros ahora para programar una consulta y dar el primer paso hacia una inversi\u00f3n inmobiliaria rentable.  <\/p>\n\t\t\t\t\t\t\t\t<\/div>\n\t\t\t\t<\/div>\n\t\t\t\t\t<\/div>\n\t\t<\/div>\n\t\t\t\t\t<\/div>\n\t\t<\/section>\n\t\t\t\t\t<\/div>\n\t\t<\/div>\n\t\t\t\t\t<\/div>\n\t\t<\/section>\n\t\t\t\t<section class=\"elementor-section elementor-top-section elementor-element elementor-element-30f9562 elementor-section-boxed elementor-section-height-default elementor-section-height-default elementor-invisible\" data-id=\"30f9562\" data-element_type=\"section\" data-e-type=\"section\" data-settings=\"{&quot;animation&quot;:&quot;fadeIn&quot;,&quot;background_background&quot;:&quot;classic&quot;}\">\n\t\t\t\t\t\t<div class=\"elementor-container elementor-column-gap-no\">\n\t\t\t\t\t<div class=\"elementor-column elementor-col-100 elementor-top-column elementor-element elementor-element-6e91928\" data-id=\"6e91928\" data-element_type=\"column\" data-e-type=\"column\">\n\t\t\t<div class=\"elementor-widget-wrap\">\n\t\t\t\t\t\t\t<\/div>\n\t\t<\/div>\n\t\t\t\t\t<\/div>\n\t\t<\/section>\n\t\t\t\t<section class=\"elementor-section elementor-top-section elementor-element elementor-element-3a860a8 elementor-section-boxed elementor-section-height-default elementor-section-height-default elementor-invisible\" data-id=\"3a860a8\" data-element_type=\"section\" data-e-type=\"section\" data-settings=\"{&quot;background_background&quot;:&quot;classic&quot;,&quot;animation&quot;:&quot;fadeIn&quot;}\">\n\t\t\t\t\t\t\t<div class=\"elementor-background-overlay\"><\/div>\n\t\t\t\t\t\t\t<div class=\"elementor-container elementor-column-gap-no\">\n\t\t\t\t\t<div class=\"elementor-column elementor-col-100 elementor-top-column elementor-element elementor-element-77c7fd2\" data-id=\"77c7fd2\" data-element_type=\"column\" data-e-type=\"column\">\n\t\t\t<div class=\"elementor-widget-wrap elementor-element-populated\">\n\t\t\t\t\t\t<section class=\"elementor-section elementor-inner-section elementor-element elementor-element-ef30534 elementor-section-boxed elementor-section-height-default elementor-section-height-default\" data-id=\"ef30534\" data-element_type=\"section\" data-e-type=\"section\">\n\t\t\t\t\t\t<div class=\"elementor-container elementor-column-gap-default\">\n\t\t\t\t\t<div class=\"elementor-column elementor-col-33 elementor-inner-column elementor-element elementor-element-ea71a6e\" data-id=\"ea71a6e\" data-element_type=\"column\" data-e-type=\"column\">\n\t\t\t<div class=\"elementor-widget-wrap elementor-element-populated\">\n\t\t\t\t\t\t<div class=\"elementor-element elementor-element-dd70dbe elementor-widget-divider--view-line elementor-widget elementor-widget-divider\" data-id=\"dd70dbe\" data-element_type=\"widget\" data-e-type=\"widget\" data-widget_type=\"divider.default\">\n\t\t\t\t<div class=\"elementor-widget-container\">\n\t\t\t\t\t\t\t<div class=\"elementor-divider\">\n\t\t\t<span class=\"elementor-divider-separator\">\n\t\t\t\t\t\t<\/span>\n\t\t<\/div>\n\t\t\t\t\t\t<\/div>\n\t\t\t\t<\/div>\n\t\t\t\t<div class=\"elementor-element elementor-element-4a32c48 elementor-widget elementor-widget-heading\" data-id=\"4a32c48\" data-element_type=\"widget\" data-e-type=\"widget\" data-widget_type=\"heading.default\">\n\t\t\t\t<div class=\"elementor-widget-container\">\n\t\t\t\t\t<h3 class=\"elementor-heading-title elementor-size-large\">No pierda esta oportunidad.<\/h3>\t\t\t\t<\/div>\n\t\t\t\t<\/div>\n\t\t\t\t<div class=\"elementor-element elementor-element-9a92641 elementor-widget elementor-widget-text-editor\" data-id=\"9a92641\" data-element_type=\"widget\" data-e-type=\"widget\" data-widget_type=\"text-editor.default\">\n\t\t\t\t<div class=\"elementor-widget-container\">\n\t\t\t\t\t\t\t\t\t<p>P\u00f3ngase en contacto con nuestros profesionales hoy mismo para saber c\u00f3mo puede asegurar su residencia en Espa\u00f1a antes de que entre en vigor cualquier cambio.<\/p>\n\t\t\t\t\t\t\t\t<\/div>\n\t\t\t\t<\/div>\n\t\t\t\t\t<\/div>\n\t\t<\/div>\n\t\t\t\t<div class=\"elementor-column elementor-col-66 elementor-inner-column elementor-element elementor-element-d317351\" data-id=\"d317351\" data-element_type=\"column\" data-e-type=\"column\">\n\t\t\t<div class=\"elementor-widget-wrap elementor-element-populated\">\n\t\t\t\t\t\t<div class=\"elementor-element elementor-element-15928ce elementor-widget elementor-widget-spacer\" data-id=\"15928ce\" data-element_type=\"widget\" data-e-type=\"widget\" data-widget_type=\"spacer.default\">\n\t\t\t\t<div class=\"elementor-widget-container\">\n\t\t\t\t\t\t\t<div class=\"elementor-spacer\">\n\t\t\t<div class=\"elementor-spacer-inner\"><\/div>\n\t\t<\/div>\n\t\t\t\t\t\t<\/div>\n\t\t\t\t<\/div>\n\t\t\t\t<div class=\"elementor-element elementor-element-1c6fa31 elementor-position-top elementor-widget elementor-widget-image-box\" data-id=\"1c6fa31\" data-element_type=\"widget\" data-e-type=\"widget\" data-widget_type=\"image-box.default\">\n\t\t\t\t<div class=\"elementor-widget-container\">\n\t\t\t\t\t<div class=\"elementor-image-box-wrapper\"><figure class=\"elementor-image-box-img\"><img decoding=\"async\" width=\"1152\" height=\"2048\" src=\"https:\/\/goldmanstark.com\/wp-content\/uploads\/2024\/07\/masha.jpg\" class=\"attachment-full size-full wp-image-4379\" alt=\"\" srcset=\"https:\/\/goldmanstark.com\/wp-content\/uploads\/2024\/07\/masha.jpg 1152w, https:\/\/goldmanstark.com\/wp-content\/uploads\/2024\/07\/masha-169x300.jpg 169w, https:\/\/goldmanstark.com\/wp-content\/uploads\/2024\/07\/masha-576x1024.jpg 576w, https:\/\/goldmanstark.com\/wp-content\/uploads\/2024\/07\/masha-768x1365.jpg 768w, https:\/\/goldmanstark.com\/wp-content\/uploads\/2024\/07\/masha-864x1536.jpg 864w, https:\/\/goldmanstark.com\/wp-content\/uploads\/2024\/07\/masha-338x600.jpg 338w, https:\/\/goldmanstark.com\/wp-content\/uploads\/2024\/07\/masha-496x882.jpg 496w\" sizes=\"(max-width: 1152px) 100vw, 1152px\" \/><\/figure><div class=\"elementor-image-box-content\"><div class=\"elementor-image-box-title\">Masha Kozlovska<\/div><p class=\"elementor-image-box-description\">Agente de Goldmanstark<\/p><\/div><\/div>\t\t\t\t<\/div>\n\t\t\t\t<\/div>\n\t\t\t\t<div class=\"elementor-element elementor-element-3b856f5 elementor-align-center elementor-icon-list--layout-traditional elementor-list-item-link-full_width elementor-widget elementor-widget-icon-list\" data-id=\"3b856f5\" data-element_type=\"widget\" data-e-type=\"widget\" data-widget_type=\"icon-list.default\">\n\t\t\t\t<div class=\"elementor-widget-container\">\n\t\t\t\t\t\t\t<ul class=\"elementor-icon-list-items\">\n\t\t\t\t\t\t\t<li class=\"elementor-icon-list-item\">\n\t\t\t\t\t\t\t\t\t\t\t<span class=\"elementor-icon-list-icon\">\n\t\t\t\t\t\t\t<svg xmlns=\"http:\/\/www.w3.org\/2000\/svg\" viewBox=\"0 0 16 16\"><g transform=\"matrix(0.6666666666666666,0,0,0.6666666666666666,0,0)\"><path d=\"M0.750 12.000 A11.250 11.250 0 1 0 23.250 12.000 A11.250 11.250 0 1 0 0.750 12.000 Z\" fill=\"none\" stroke=\"#153965\" stroke-linecap=\"round\" stroke-linejoin=\"round\" stroke-width=\"1.5\"><\/path><path d=\"M15,18.048A6.751,6.751,0,1,1,18.75,12\" fill=\"none\" stroke=\"#153965\" stroke-linecap=\"round\" stroke-linejoin=\"round\" stroke-width=\"1.5\"><\/path><path d=\"M9.000 12.000 A3.000 3.000 0 1 0 15.000 12.000 A3.000 3.000 0 1 0 9.000 12.000 Z\" fill=\"none\" stroke=\"#153965\" stroke-linecap=\"round\" stroke-linejoin=\"round\" stroke-width=\"1.5\"><\/path><path d=\"M15,12v1.125a1.875,1.875,0,0,0,3.75,0V12\" fill=\"none\" stroke=\"#153965\" stroke-linecap=\"round\" stroke-linejoin=\"round\" stroke-width=\"1.5\"><\/path><\/g><\/svg>\t\t\t\t\t\t<\/span>\n\t\t\t\t\t\t\t\t\t\t<span class=\"elementor-icon-list-text\">Cont\u00e1ctenos<\/span>\n\t\t\t\t\t\t\t\t\t<\/li>\n\t\t\t\t\t\t\t\t<li class=\"elementor-icon-list-item\">\n\t\t\t\t\t\t\t\t\t\t\t<a href=\"tel:+34%20678%20339%20909\">\n\n\t\t\t\t\t\t\t\t\t\t\t\t<span class=\"elementor-icon-list-icon\">\n\t\t\t\t\t\t\t<svg aria-hidden=\"true\" class=\"e-font-icon-svg e-fas-phone\" viewBox=\"0 0 512 512\" xmlns=\"http:\/\/www.w3.org\/2000\/svg\"><path d=\"M493.4 24.6l-104-24c-11.3-2.6-22.9 3.3-27.5 13.9l-48 112c-4.2 9.8-1.4 21.3 6.9 28l60.6 49.6c-36 76.7-98.9 140.5-177.2 177.2l-49.6-60.6c-6.8-8.3-18.2-11.1-28-6.9l-112 48C3.9 366.5-2 378.1.6 389.4l24 104C27.1 504.2 36.7 512 48 512c256.1 0 464-207.5 464-464 0-11.2-7.7-20.9-18.6-23.4z\"><\/path><\/svg>\t\t\t\t\t\t<\/span>\n\t\t\t\t\t\t\t\t\t\t<span class=\"elementor-icon-list-text\">+34 678 339 909<\/span>\n\t\t\t\t\t\t\t\t\t\t\t<\/a>\n\t\t\t\t\t\t\t\t\t<\/li>\n\t\t\t\t\t\t\t\t<li class=\"elementor-icon-list-item\">\n\t\t\t\t\t\t\t\t\t\t\t<span class=\"elementor-icon-list-icon\">\n\t\t\t\t\t\t\t<svg aria-hidden=\"true\" class=\"e-font-icon-svg e-fab-instagram\" viewBox=\"0 0 448 512\" xmlns=\"http:\/\/www.w3.org\/2000\/svg\"><path d=\"M224.1 141c-63.6 0-114.9 51.3-114.9 114.9s51.3 114.9 114.9 114.9S339 319.5 339 255.9 287.7 141 224.1 141zm0 189.6c-41.1 0-74.7-33.5-74.7-74.7s33.5-74.7 74.7-74.7 74.7 33.5 74.7 74.7-33.6 74.7-74.7 74.7zm146.4-194.3c0 14.9-12 26.8-26.8 26.8-14.9 0-26.8-12-26.8-26.8s12-26.8 26.8-26.8 26.8 12 26.8 26.8zm76.1 27.2c-1.7-35.9-9.9-67.7-36.2-93.9-26.2-26.2-58-34.4-93.9-36.2-37-2.1-147.9-2.1-184.9 0-35.8 1.7-67.6 9.9-93.9 36.1s-34.4 58-36.2 93.9c-2.1 37-2.1 147.9 0 184.9 1.7 35.9 9.9 67.7 36.2 93.9s58 34.4 93.9 36.2c37 2.1 147.9 2.1 184.9 0 35.9-1.7 67.7-9.9 93.9-36.2 26.2-26.2 34.4-58 36.2-93.9 2.1-37 2.1-147.8 0-184.8zM398.8 388c-7.8 19.6-22.9 34.7-42.6 42.6-29.5 11.7-99.5 9-132.1 9s-102.7 2.6-132.1-9c-19.6-7.8-34.7-22.9-42.6-42.6-11.7-29.5-9-99.5-9-132.1s-2.6-102.7 9-132.1c7.8-19.6 22.9-34.7 42.6-42.6 29.5-11.7 99.5-9 132.1-9s102.7-2.6 132.1 9c19.6 7.8 34.7 22.9 42.6 42.6 11.7 29.5 9 99.5 9 132.1s2.7 102.7-9 132.1z\"><\/path><\/svg>\t\t\t\t\t\t<\/span>\n\t\t\t\t\t\t\t\t\t\t<span class=\"elementor-icon-list-text\">@bettercallmasha<\/span>\n\t\t\t\t\t\t\t\t\t<\/li>\n\t\t\t\t\t\t<\/ul>\n\t\t\t\t\t\t<\/div>\n\t\t\t\t<\/div>\n\t\t\t\t\t<\/div>\n\t\t<\/div>\n\t\t\t\t\t<\/div>\n\t\t<\/section>\n\t\t\t\t<div class=\"elementor-element elementor-element-940b574 elementor-widget elementor-widget-spacer\" data-id=\"940b574\" data-element_type=\"widget\" data-e-type=\"widget\" data-widget_type=\"spacer.default\">\n\t\t\t\t<div class=\"elementor-widget-container\">\n\t\t\t\t\t\t\t<div class=\"elementor-spacer\">\n\t\t\t<div class=\"elementor-spacer-inner\"><\/div>\n\t\t<\/div>\n\t\t\t\t\t\t<\/div>\n\t\t\t\t<\/div>\n\t\t\t\t\t<\/div>\n\t\t<\/div>\n\t\t\t\t\t<\/div>\n\t\t<\/section>\n\t\t\t\t<\/div>\n\t\t","protected":false},"excerpt":{"rendered":"<p>Inversi\u00f3n inmobiliariaMENOS DE 300K Desbloquee inversiones inmobiliarias de alto rendimiento por debajo de 300.000 euros \u00bfEst\u00e1 buscando una lucrativa oportunidad de inversi\u00f3n inmobiliaria? En Goldman Stark Real Estate, sabemos c\u00f3mo identificar y asegurar la compra de los apartamentos por debajo de 300.000 euros. Estas propiedades ofrecen un excelente potencial de revalorizaci\u00f3n y de ingresos por [&hellip;]<\/p>\n","protected":false},"author":1,"featured_media":0,"parent":0,"menu_order":0,"comment_status":"closed","ping_status":"closed","template":"elementor_header_footer","meta":{"footnotes":""},"class_list":["post-4658","page","type-page","status-publish","hentry"],"_links":{"self":[{"href":"https:\/\/goldmanstark.com\/es\/wp-json\/wp\/v2\/pages\/4658","targetHints":{"allow":["GET"]}}],"collection":[{"href":"https:\/\/goldmanstark.com\/es\/wp-json\/wp\/v2\/pages"}],"about":[{"href":"https:\/\/goldmanstark.com\/es\/wp-json\/wp\/v2\/types\/page"}],"author":[{"embeddable":true,"href":"https:\/\/goldmanstark.com\/es\/wp-json\/wp\/v2\/users\/1"}],"replies":[{"embeddable":true,"href":"https:\/\/goldmanstark.com\/es\/wp-json\/wp\/v2\/comments?post=4658"}],"version-history":[{"count":3,"href":"https:\/\/goldmanstark.com\/es\/wp-json\/wp\/v2\/pages\/4658\/revisions"}],"predecessor-version":[{"id":4661,"href":"https:\/\/goldmanstark.com\/es\/wp-json\/wp\/v2\/pages\/4658\/revisions\/4661"}],"wp:attachment":[{"href":"https:\/\/goldmanstark.com\/es\/wp-json\/wp\/v2\/media?parent=4658"}],"curies":[{"name":"wp","href":"https:\/\/api.w.org\/{rel}","templated":true}]}}