{"id":4630,"date":"2024-08-06T08:48:30","date_gmt":"2024-08-06T08:48:30","guid":{"rendered":"https:\/\/goldmanstark.com\/politica-de-cookies\/"},"modified":"2024-08-13T10:49:40","modified_gmt":"2024-08-13T10:49:40","slug":"politica-de-cookies","status":"publish","type":"page","link":"https:\/\/goldmanstark.com\/es\/politica-de-cookies\/","title":{"rendered":"Pol\u00edtica de cookies"},"content":{"rendered":"\n<p><strong>\u00bfQu\u00e9 son las cookies?<\/strong><\/p>\n\n<p>Las cookies son peque\u00f1os ficheros de datos que se reciben en el terminal desde el sitio web visitado y se utilizan para registrar determinadas interacciones de la navegaci\u00f3n en un sitio web almacenando datos que pueden ser actualizados y recuperados. Estos archivos se almacenan en el ordenador del usuario y contienen datos an\u00f3nimos que no son perjudiciales para el dispositivo. Se utilizan para recordar las preferencias del usuario, como el idioma seleccionado, los datos de acceso o la personalizaci\u00f3n de la p\u00e1gina.  <\/p>\n\n<p>Las cookies tambi\u00e9n pueden utilizarse para registrar informaci\u00f3n an\u00f3nima sobre c\u00f3mo un visitante utiliza un sitio. Por ejemplo, desde qu\u00e9 sitio web accedieron o si utilizaron un banner publicitario para llegar al sitio. <\/p>\n\n<p><strong>\u00bfPor qu\u00e9 Goldman Stark utiliza cookies?<\/strong><\/p>\n\n<p>Goldman Stark utiliza cookies estrictamente necesarias y esenciales para que puedas utilizar nuestro sitio web y para permitirte moverte libremente, utilizar \u00e1reas seguras, opciones personalizadas, etc. Adem\u00e1s, tambi\u00e9n se utilizan cookies que recogen datos relacionados con el an\u00e1lisis del uso de la web. Se utilizan para ayudar a mejorar el servicio al cliente midiendo el uso y el rendimiento de la p\u00e1gina para optimizarla y personalizarla.  <\/p>\n\n<p>Nuestro sitio tambi\u00e9n puede tener enlaces a redes sociales (como Facebook o Twitter), pero no controla las cookies utilizadas por estos sitios web externos. Para m\u00e1s informaci\u00f3n sobre las cookies de las redes sociales u otros sitios web externos, te aconsejamos que consultes sus propias pol\u00edticas de cookies. <\/p>\n\n<p><strong>\u00bfQu\u00e9 tipos de cookies utiliza Goldman Stark?<\/strong><\/p>\n\n<p><strong>Cookies propias de Goldman Stark<\/strong><\/p>\n\n<p><strong>Cookies t\u00e9cnicas<\/strong><\/p>\n\n<p>Las cookies t\u00e9cnicas son las imprescindibles y estrictamente necesarias para el correcto funcionamiento de un sitio web y la utilizaci\u00f3n de las diferentes opciones y servicios que ofrece. Por ejemplo, las que sirven para el mantenimiento de la sesi\u00f3n, la gesti\u00f3n del tiempo de respuesta, rendimiento o validaci\u00f3n de opciones, utilizar elementos de seguridad, compartir contenidos con redes sociales, etc. <\/p>\n\n<p><strong>Cookies de personalizaci\u00f3n<\/strong><\/p>\n\n<p>Estas cookies permiten al usuario especificar o personalizar algunas caracter\u00edsticas de las opciones generales del sitio web. Por ejemplo, definir el idioma, la configuraci\u00f3n regional o el tipo de navegador. <\/p>\n\n<p><strong>Cookies de terceros<\/strong><\/p>\n\n<p><strong>Cookies anal\u00edticas<\/strong><\/p>\n\n<p>Las cookies anal\u00edticas se utilizan para crear perfiles de navegaci\u00f3n y conocer las preferencias de los usuarios con el fin de mejorar la oferta de productos y servicios.<\/p>\n\n<p><strong>Google Analytics<\/strong><\/p>\n\n<p>We use Google Analytics, a web analytics tool from Google that allows us to understand how users interact with our website. It enables cookies in the domain of the site where the user is located and uses them to collect information anonymously and compile website trend reports without identifying individual users. You can find more information about Google Analytics cookies and how they work on Google&#8217;s website. The links to the privacy policy are: <a href=\"https:\/\/www.google.com\/analytics\/\" rel=\"nofollow noopener\" target=\"_blank\">https:\/\/www.google.com\/analytics\/<\/a> <a href=\"https:\/\/www.google.es\/intl\/es\/analytics\/privacyoverview.html\" rel=\"nofollow noopener\" target=\"_blank\">https:\/\/www.google.es\/intl\/es\/analytics\/privacyoverview.html<\/a>   <\/p>\n\n<p><strong>Duraci\u00f3n de la cookie<\/strong><\/p>\n\n<p><strong>Cookies de sesi\u00f3n<\/strong><\/p>\n\n<p>Las cookies de sesi\u00f3n duran mientras el usuario navega por el sitio web y se eliminan al final.<\/p>\n\n<p><strong>Cookies persistentes<\/strong><\/p>\n\n<p>Estas cookies permanecen almacenadas en el terminal del usuario durante m\u00e1s tiempo, lo que facilita el control de las preferencias elegidas sin tener que repetir ciertos par\u00e1metros cada vez que se visita el sitio.<\/p>\n\n<p><strong>\u00bfY si no quiero estas cookies o no hago nada al respecto?<\/strong><\/p>\n\n<p>Para cumplir con la legislaci\u00f3n vigente, debemos pedirte permiso para gestionar cookies. Si decides seguir navegando por nuestro sitio web, implica que aceptas su uso. <\/p>\n\n<p>Tenga en cuenta que si rechaza o borra las cookies de navegaci\u00f3n, no podremos mantener sus preferencias y algunas caracter\u00edsticas de las p\u00e1ginas no estar\u00e1n operativas. Adem\u00e1s, no podremos ofrecerle servicios personalizados y, cada vez que navegue por nuestro sitio web, tendremos que volver a pedirle su autorizaci\u00f3n para utilizar cookies. <\/p>\n\n<p>Si a\u00fan as\u00ed decide modificar la configuraci\u00f3n de su acceso al sitio web, debe saber que es posible eliminar las cookies o impedir que se registre esta informaci\u00f3n en su dispositivo en cualquier momento modificando los par\u00e1metros de configuraci\u00f3n de su navegador:<\/p>\n\n<ul class=\"wp-block-list\">\n<li>Configuraci\u00f3n de cookies en Internet Explorer<\/li>\n\n\n\n<li>Configuraci\u00f3n de cookies en Firefox<\/li>\n\n\n\n<li>Configuraci\u00f3n de cookies en Google Chrome<\/li>\n\n\n\n<li>Configuraci\u00f3n de cookies en Safari<\/li>\n<\/ul>\n\n<p>Estos navegadores est\u00e1n sujetos a actualizaciones o modificaciones, por lo que no podemos garantizar que sean totalmente compatibles con la versi\u00f3n de su navegador. Tambi\u00e9n puede ocurrir que utilice otro navegador no contemplado en estos enlaces como Konqueror, Arora, Flock, etc. Para evitar estas discrepancias, puede acceder directamente desde las opciones de su navegador que generalmente se encuentra en el men\u00fa Opciones, en el apartado &#8220;Privacidad&#8221;. (Para m\u00e1s informaci\u00f3n, consulte la ayuda de su navegador).   <\/p>\n\n<p><strong>\u00bfQu\u00e9 significa la informaci\u00f3n anterior?<\/strong><\/p>\n\n<p>Goldman Stark demonstrates the commitment acquired with current legislation on the use of cookies, providing you with information so that you can understand what types of cookies we use and why we do so. With this, we aim to provide transparency regarding the data processed about the browsing done from your device on our website. <\/p>\n\n<p>Esta pol\u00edtica se revisa peri\u00f3dicamente para garantizar su validez, por lo que puede sufrir modificaciones. Le recomendamos que visite peri\u00f3dicamente la p\u00e1gina, donde le informaremos de cualquier actualizaci\u00f3n al respecto.. <\/p>\n\n<p><strong>\u00bfD\u00f3nde puedo obtener m\u00e1s informaci\u00f3n?<\/strong><\/p>\n\n<p>If you have any questions about how we use cookies, and it is not answered in this policy, please send us your comments to <a>info@goldmanstark.com<\/a><\/p>\n\n<p>If you need more information about the cookie directive, please refer to the Official State Bulletin published on March 31, 2012 (for Spain) where the directives on electronic communications are transposed. You can also consult the directive at <a href=\"http:\/\/www.eugdpr.org\" rel=\"nofollow noopener\" target=\"_blank\">www.eugdpr.org<\/a>. <\/p>\n","protected":false},"excerpt":{"rendered":"<p>\u00bfQu\u00e9 son las cookies? Las cookies son peque\u00f1os ficheros de datos que se reciben en el terminal desde el sitio web visitado y se utilizan para registrar determinadas interacciones de la navegaci\u00f3n en un sitio web almacenando datos que pueden ser actualizados y recuperados. Estos archivos se almacenan en el ordenador del usuario y contienen [&hellip;]<\/p>\n","protected":false},"author":1,"featured_media":0,"parent":0,"menu_order":0,"comment_status":"closed","ping_status":"closed","template":"","meta":{"footnotes":""},"class_list":["post-4630","page","type-page","status-publish","hentry"],"_links":{"self":[{"href":"https:\/\/goldmanstark.com\/es\/wp-json\/wp\/v2\/pages\/4630","targetHints":{"allow":["GET"]}}],"collection":[{"href":"https:\/\/goldmanstark.com\/es\/wp-json\/wp\/v2\/pages"}],"about":[{"href":"https:\/\/goldmanstark.com\/es\/wp-json\/wp\/v2\/types\/page"}],"author":[{"embeddable":true,"href":"https:\/\/goldmanstark.com\/es\/wp-json\/wp\/v2\/users\/1"}],"replies":[{"embeddable":true,"href":"https:\/\/goldmanstark.com\/es\/wp-json\/wp\/v2\/comments?post=4630"}],"version-history":[{"count":3,"href":"https:\/\/goldmanstark.com\/es\/wp-json\/wp\/v2\/pages\/4630\/revisions"}],"predecessor-version":[{"id":4633,"href":"https:\/\/goldmanstark.com\/es\/wp-json\/wp\/v2\/pages\/4630\/revisions\/4633"}],"wp:attachment":[{"href":"https:\/\/goldmanstark.com\/es\/wp-json\/wp\/v2\/media?parent=4630"}],"curies":[{"name":"wp","href":"https:\/\/api.w.org\/{rel}","templated":true}]}}